{"id":233,"date":"2017-02-11T20:58:22","date_gmt":"2017-02-11T20:58:22","guid":{"rendered":"http:\/\/thrive.loveriotco.com\/?page_id=233"},"modified":"2020-07-23T16:53:48","modified_gmt":"2020-07-23T14:53:48","slug":"contact","status":"publish","type":"page","link":"https:\/\/www.wondercom.be\/?page_id=233","title":{"rendered":"Contact"},"content":{"rendered":"\r\n<p>Vous \u00eates un professionnel du tourisme, un h\u00f4telier ou un restaurateur\u00a0? Vous avez une id\u00e9e, un projet \u00e9ditorial en t\u00eate\u2026 Et souhaitez en discuter ?<\/p>\r\n<p>Quel que soit votre projet, n&rsquo;h\u00e9sitez pas \u00e0 faire appel \u00e0 Wondercom et \u00e0 mes services de r\u00e9dactrice web. Je serais ravie de vous vous rencontrer, afin de discuter de votre projet autour d&rsquo;un caf\u00e9. Ensemble, d\u00e9couvrons :<\/p>\r\n<ul>\r\n<li>Les probl\u00e9matiques de votre site web en mati\u00e8re de r\u00e9f\u00e9rencement naturel et ses possibilit\u00e9s d\u2019am\u00e9lioration.<\/li>\r\n<li>Vos opportunit\u00e9s de positionnement face \u00e0 la concurrence.<\/li>\r\n<li>Comment trouver les mots pour raconter votre histoire et celle de votre projet.<\/li>\r\n<\/ul>\r\n<p><strong>Pour d\u00e9couvrir mes prestations plus en d\u00e9tail, cliquez <a href=\"https:\/\/www.wondercom.be\/contact\/\">ici<\/a>.<\/strong><\/p>\r\n<p>E-mail : <a href=\"mailto:hello@wondercom.be\">hello@wondercom.be<\/a><\/p>\r\n<p>T\u00e9l\u00e9phone : <a href=\"tel:0032472771874\">+32 (0) 472 77 18 74<\/a><\/p>\r\n<ul>\r\n<li><a href=\"https:\/\/www.facebook.com\/wondercommunication\/\"><img loading=\"lazy\" decoding=\"async\" class=\"alignnone wp-image-3225 size-thumbnail\" src=\"https:\/\/www.wondercom.be\/wp-content\/uploads\/2020\/05\/facebook-wondercom-150x150.png\" alt=\"D\u00e9couvrez Wondercom sur Facebook\" width=\"150\" height=\"150\" srcset=\"https:\/\/www.wondercom.be\/wp-content\/uploads\/2020\/05\/facebook-wondercom-150x150.png 150w, https:\/\/www.wondercom.be\/wp-content\/uploads\/2020\/05\/facebook-wondercom-100x100.png 100w\" sizes=\"auto, (max-width: 150px) 100vw, 150px\" \/><\/a><\/li>\r\n<li><a href=\"https:\/\/www.linkedin.com\/in\/justine-toussaint\/\"><img loading=\"lazy\" decoding=\"async\" class=\"alignnone wp-image-3226 size-thumbnail\" src=\"https:\/\/www.wondercom.be\/wp-content\/uploads\/2020\/05\/linkedinwondercom-1-150x150.png\" alt=\"D\u00e9couvrez Wondercom sur Linkedin\" width=\"150\" height=\"150\" srcset=\"https:\/\/www.wondercom.be\/wp-content\/uploads\/2020\/05\/linkedinwondercom-1-150x150.png 150w, https:\/\/www.wondercom.be\/wp-content\/uploads\/2020\/05\/linkedinwondercom-1-100x100.png 100w\" sizes=\"auto, (max-width: 150px) 100vw, 150px\" \/><\/a><\/li>\r\n<li><a href=\"https:\/\/wa.me\/32472771874\"><img loading=\"lazy\" decoding=\"async\" class=\"alignnone wp-image-3224 size-thumbnail\" src=\"https:\/\/www.wondercom.be\/wp-content\/uploads\/2020\/05\/whatsapp-wondercom-1-150x150.png\" alt=\"Contactez Wondercom sur What's app\" width=\"150\" height=\"150\" srcset=\"https:\/\/www.wondercom.be\/wp-content\/uploads\/2020\/05\/whatsapp-wondercom-1-150x150.png 150w, https:\/\/www.wondercom.be\/wp-content\/uploads\/2020\/05\/whatsapp-wondercom-1-100x100.png 100w\" sizes=\"auto, (max-width: 150px) 100vw, 150px\" \/><\/a><\/li>\r\n<\/ul>\r\n<p>&nbsp;<\/p>\r\n<p class=\"has-background has-text-align-center has-normal-font-size\" style=\"background-color: #fce5db;\">Parlons-en<\/p>\r\n\r\n\r\n\r\n<div class=\"wp-block-columns has-2-columns is-layout-flex wp-container-core-columns-is-layout-9d6595d7 wp-block-columns-is-layout-flex\">\r\n<div class=\"wp-block-column is-layout-flow wp-block-column-is-layout-flow\">\r\n<div class=\"wp-block-image\">\r\n<figure class=\"alignleft is-resized\"><img loading=\"lazy\" decoding=\"async\" class=\"aligncenter wp-image-3359 size-full\" src=\"https:\/\/www.wondercom.be\/wp-content\/uploads\/2020\/07\/contact-wondercom-2-1.png\" alt=\"\" width=\"751\" height=\"1024\" srcset=\"https:\/\/www.wondercom.be\/wp-content\/uploads\/2020\/07\/contact-wondercom-2-1.png 751w, https:\/\/www.wondercom.be\/wp-content\/uploads\/2020\/07\/contact-wondercom-2-1-220x300.png 220w\" sizes=\"auto, (max-width: 751px) 100vw, 751px\" \/><\/figure>\r\n<\/div>\r\n<\/div>\r\n\r\n\r\n\r\n<div class=\"wp-block-column is-layout-flow wp-block-column-is-layout-flow\">\n<div class=\"wpcf7 no-js\" id=\"wpcf7-f1163-o1\" lang=\"en-US\" dir=\"ltr\" data-wpcf7-id=\"1163\">\n<div class=\"screen-reader-response\"><p role=\"status\" aria-live=\"polite\" aria-atomic=\"true\"><\/p> <ul><\/ul><\/div>\n<form action=\"\/index.php?rest_route=%2Fwp%2Fv2%2Fpages%2F233#wpcf7-f1163-o1\" method=\"post\" class=\"wpcf7-form init\" aria-label=\"Contact form\" novalidate=\"novalidate\" data-status=\"init\">\n<fieldset class=\"hidden-fields-container\"><input type=\"hidden\" name=\"_wpcf7\" value=\"1163\" \/><input type=\"hidden\" name=\"_wpcf7_version\" value=\"6.1.5\" \/><input type=\"hidden\" name=\"_wpcf7_locale\" value=\"en_US\" \/><input type=\"hidden\" name=\"_wpcf7_unit_tag\" value=\"wpcf7-f1163-o1\" \/><input type=\"hidden\" name=\"_wpcf7_container_post\" value=\"0\" \/><input type=\"hidden\" name=\"_wpcf7_posted_data_hash\" value=\"\" \/>\n<\/fieldset>\n<p><label> Votre nom<br \/>\n<span class=\"wpcf7-form-control-wrap\" data-name=\"your-name\"><input size=\"40\" maxlength=\"400\" class=\"wpcf7-form-control wpcf7-text wpcf7-validates-as-required\" aria-required=\"true\" aria-invalid=\"false\" value=\"\" type=\"text\" name=\"your-name\" \/><\/span> <\/label>\n<\/p>\n<p><label> Votre E-mail<br \/>\n<span class=\"wpcf7-form-control-wrap\" data-name=\"your-email\"><input size=\"40\" maxlength=\"400\" class=\"wpcf7-form-control wpcf7-email wpcf7-validates-as-required wpcf7-text wpcf7-validates-as-email\" aria-required=\"true\" aria-invalid=\"false\" value=\"\" type=\"email\" name=\"your-email\" \/><\/span> <\/label>\n<\/p>\n<p><label> Sujet<br \/>\n<span class=\"wpcf7-form-control-wrap\" data-name=\"your-subject\"><input size=\"40\" maxlength=\"400\" class=\"wpcf7-form-control wpcf7-text\" aria-invalid=\"false\" value=\"\" type=\"text\" name=\"your-subject\" \/><\/span> <\/label>\n<\/p>\n<p><label> Votre Message<br \/>\n<span class=\"wpcf7-form-control-wrap\" data-name=\"your-message\"><textarea cols=\"40\" rows=\"10\" maxlength=\"2000\" class=\"wpcf7-form-control wpcf7-textarea\" aria-invalid=\"false\" name=\"your-message\"><\/textarea><\/span> <\/label>\n<\/p>\n<p><input class=\"wpcf7-form-control wpcf7-submit has-spinner\" type=\"submit\" value=\"Envoyer\" \/>\n<\/p><div class=\"wpcf7-response-output\" aria-hidden=\"true\"><\/div>\n<\/form>\n<\/div>\n\n<\/div>\r\n<\/div>\r\n\r\n\r\n\r\n<div class=\"wp-block-spacer\" style=\"height: 24px;\" aria-hidden=\"true\">\u00a0<\/div>\r\n<div aria-hidden=\"true\">\u00a0<\/div>\r\n<div aria-hidden=\"true\">\u00a0<\/div>\r\n<div aria-hidden=\"true\">\u00a0<\/div>\r\n","protected":false},"excerpt":{"rendered":"<p>Vous \u00eates un professionnel du tourisme, un h\u00f4telier ou un restaurateur\u00a0? Vous avez une id\u00e9e, un projet \u00e9ditorial en t\u00eate\u2026 Et souhaitez en discuter ? Quel que soit votre projet, n&rsquo;h\u00e9sitez pas \u00e0 faire appel \u00e0 Wondercom et \u00e0 mes services de r\u00e9dactrice web. Je serais ravie de vous vous rencontrer, afin de discuter de<\/p>\n<a class=\"button more-link\" href=\"https:\/\/www.wondercom.be\/?page_id=233\">Read More<\/a>","protected":false},"author":2,"featured_media":0,"parent":0,"menu_order":0,"comment_status":"closed","ping_status":"closed","template":"","meta":{"_genesis_hide_title":false,"_genesis_hide_breadcrumbs":false,"_genesis_hide_singular_image":false,"_genesis_hide_footer_widgets":false,"_genesis_custom_body_class":"","_genesis_custom_post_class":"","_genesis_layout":"full-width-content","footnotes":""},"class_list":{"0":"post-233","1":"page","2":"type-page","3":"status-publish","5":"entry","6":"has-post-thumbnail"},"aioseo_notices":[],"_links":{"self":[{"href":"https:\/\/www.wondercom.be\/index.php?rest_route=\/wp\/v2\/pages\/233","targetHints":{"allow":["GET"]}}],"collection":[{"href":"https:\/\/www.wondercom.be\/index.php?rest_route=\/wp\/v2\/pages"}],"about":[{"href":"https:\/\/www.wondercom.be\/index.php?rest_route=\/wp\/v2\/types\/page"}],"author":[{"embeddable":true,"href":"https:\/\/www.wondercom.be\/index.php?rest_route=\/wp\/v2\/users\/2"}],"replies":[{"embeddable":true,"href":"https:\/\/www.wondercom.be\/index.php?rest_route=%2Fwp%2Fv2%2Fcomments&post=233"}],"version-history":[{"count":12,"href":"https:\/\/www.wondercom.be\/index.php?rest_route=\/wp\/v2\/pages\/233\/revisions"}],"predecessor-version":[{"id":3361,"href":"https:\/\/www.wondercom.be\/index.php?rest_route=\/wp\/v2\/pages\/233\/revisions\/3361"}],"wp:attachment":[{"href":"https:\/\/www.wondercom.be\/index.php?rest_route=%2Fwp%2Fv2%2Fmedia&parent=233"}],"curies":[{"name":"wp","href":"https:\/\/api.w.org\/{rel}","templated":true}]}}