{"id":3275,"date":"2020-05-10T13:55:24","date_gmt":"2020-05-10T11:55:24","guid":{"rendered":"https:\/\/www.wondercom.be\/?page_id=3275"},"modified":"2020-05-10T13:55:24","modified_gmt":"2020-05-10T11:55:24","slug":"politique-de-cookies","status":"publish","type":"page","link":"https:\/\/www.wondercom.be\/?page_id=3275","title":{"rendered":"Politique de cookies"},"content":{"rendered":"\r\n<h3 class=\"wp-block-heading\">\u00a0<\/h3>\r\n<h3>G\u00e9n\u00e9ralit\u00e9s\u00a0<\/h3>\r\n<p><br \/>Wondercom (ci-apr\u00e8s d\u00e9nomm\u00e9e \u00ab Wondercom \u00bb, \u00ab nous \u00bb) utilise principalement des cookies dans le but d&rsquo;am\u00e9liorer votre exp\u00e9rience de navigation sur\u00a0<em>www.wondercom.be<\/em> (ci-apr\u00e8s d\u00e9nomm\u00e9 le \u00ab Site web \u00bb). Toutes les donn\u00e9es que Wondercom tire de ses cookies sont anonymes et sont uniquement utilis\u00e9es pour comprendre l&rsquo;exp\u00e9rience des clients sur le Site web, dans le but d&rsquo;am\u00e9liorer les prestations et la convivialit\u00e9 de ce Site web.<\/p>\r\n<p>\u00a0\u00a0<br \/>Wondercom est habilit\u00e9e \u00e0 actualiser cette politique en mati\u00e8re de cookies en pla\u00e7ant une nouvelle version sur le Site web. Dans ce cadre, il est particuli\u00e8rement indiqu\u00e9 de consulter r\u00e9guli\u00e8rement le Site web et la page concern\u00e9e sur laquelle la politique en mati\u00e8re de cookies est publi\u00e9e, afin d&rsquo;\u00eatre certain d&rsquo;avoir connaissance des moindres modifications.\u00a0<\/p>\r\n<p>&nbsp;<\/p>\r\n<h3><strong> Qu&rsquo;est-ce qu&rsquo;un cookie ?\u00a0<\/strong><\/h3>\r\n<p>\u00a0<br \/>Un cookie, \u00e9galement bien connu comme un HTTP cookie, un cookie web ou un cookie de navigation, est g\u00e9n\u00e9ralement un petit fichier texte envoy\u00e9 par un site web et stock\u00e9 dans le navigateur web ou sur l&rsquo;appareil de l&rsquo;utilisateur pendant qu&rsquo;un utilisateur est occup\u00e9 de naviguer sur un site web ou utilise une application mobile. \u00a0Quand, \u00e0 l&rsquo;avenir, l&rsquo;utilisateur naviguera sur le m\u00eame site web, les donn\u00e9es qui auront \u00e9t\u00e9 stock\u00e9es dans le cookie pourront \u00eatre recueillies par le site web afin d&rsquo;informer ce dernier de l&rsquo;activit\u00e9 pr\u00e9c\u00e9dente de l&rsquo;utilisateur. Les cookies ont \u00e9t\u00e9 con\u00e7us comme un m\u00e9canisme fiable pour les sites web afin de m\u00e9moriser l&rsquo;\u00e9tat du site web ou l&rsquo;activit\u00e9 que l&rsquo;utilisateur a effectu\u00e9e dans le pass\u00e9. Ils nous aident \u00e0 optimiser votre visite sur le site web, \u00e0 m\u00e9moriser les choix techniques op\u00e9r\u00e9s (par exemple le choix de la langue, un bulletin d&rsquo;information, etc.) et \u00e0 montrer des offres et des services plus pertinents. Si vous souhaitez consulter ou utiliser le Site web, Wondercom vous conseille d&rsquo;activer les cookies. Cependant, si vous ne pr\u00e9f\u00e9rez pas, vous \u00eates toujours libre de ne pas les activer.<\/p>\r\n<p>\u00a0\u00a0<br \/>Les cookies peuvent comprendre : le clic sur certains boutons, la connexion ou un enregistrement des pages qui ont \u00e9t\u00e9 visit\u00e9es par l&rsquo;utilisateur, m\u00eame il y a des mois ou des ann\u00e9es. Bien que les cookies ne peuvent pas contenir de virus et ne peuvent pas installer de programme malveillant sur l&rsquo;ordinateur invit\u00e9, des cookies de pistage et surtout des cookies de pistage tierce partie sont souvent utilis\u00e9s comme des mani\u00e8res de rassembler des donn\u00e9es \u00e0 long terme de l&rsquo;historique du navigateur d&rsquo;individus \u2013 une grande pr\u00e9occupation pour la protection de la vie priv\u00e9e qui a incit\u00e9 les l\u00e9gislateurs europ\u00e9ens et am\u00e9ricains \u00e0 entreprendre une action en 2011. La pr\u00e9sente d\u00e9claration en mati\u00e8re de cookies est en conformit\u00e9 avec la loi belge actuelle (loi du 10 juillet 2012 portant des dispositions diverses en mati\u00e8re de communications \u00e9lectroniques, M.B. 20\/9\/2012).\u00a0<\/p>\r\n<h3>\u00a0<br \/>Ce Site web diff\u00e9rents types de cookies:\u00a0<\/h3>\r\n<p>&nbsp;<\/p>\r\n<ul>\r\n<li>Les cookies strictement n\u00e9cessaires : Comme leur nom le fait supposer, ces cookies sont strictement n\u00e9cessaires pour vous permettre de naviguer sur le Site web, ou pour fournir certaines fonctions que vous avez demand\u00e9es.<\/li>\r\n<li>Les cookies de fonctionnalit\u00e9 : Ces cookies am\u00e9liorent la fonctionnalit\u00e9 du Site web en enregistrant vos pr\u00e9f\u00e9rences. Par exemple, vous pouvez configurer votre profil sur la page d&rsquo;accueil.\u00a0<\/li>\r\n<li>Les cookies de pistage : Ces cookies survivront aux sessions des utilisateurs. Lorsque l&rsquo;\u00e2ge maximal d&rsquo;un cookie permanent a \u00e9t\u00e9 configur\u00e9 \u00e0 1 an, durant cette ann\u00e9e, la valeur initiale enregistr\u00e9e dans ce cookie sera renvoy\u00e9e vers le serveur chaque fois que l&rsquo;utilisateur visitera le serveur. Le but est de stocker des informations essentielles, comme par exemple comment l&rsquo;utilisateur est arriv\u00e9 initialement sur le Site web. Pour cette raison, ils sont \u00e9galement connus comme \u00ab cookies de pistage \u00bb. Par exemple, d\u00e8s que vous avez choisi la langue souhait\u00e9e, le Site web enregistrera votre pr\u00e9f\u00e9rence dans un cookie permanent et le stockera sur votre navigateur. Lorsque vous visiterez ensuite de nouveau le Site web, le Site web utilisera ce cookie permanent pour veiller \u00e0 ce que le contenu soit fourni dans la langue que vous avez souhait\u00e9.\u00a0<\/li>\r\n<li>Les cookies de performance : Ces cookies aident \u00e0 am\u00e9liorer les performances du Site web et donc \u00e0 fournir une meilleure exp\u00e9rience d&rsquo;utilisation. Wondercom peut par exemple utiliser Google Analytics, un service d&rsquo;analyse web populaire propos\u00e9 par Google Inc. Google Analytics utilise des cookies pour aider Wondercom \u00e0 analyser comment les utilisateurs font usage du Site web. Il enregistre le nombre de visiteurs et raconte des choses \u00e0 Wondercom concernant leur comportement global &#8211; comme la dur\u00e9e typique d&rsquo;une visite sur le Site web ou le nombre de pages qu&rsquo;un utilisateur consulte en moyenne.\u00a0<\/li>\r\n<li>Cookies tierce partie : Afin de soutenir ses communications, Wondercom peut ancrer son contenu dans les canaux de m\u00e9dias sociaux, et Wondercom peut en outre faire usage des possibilit\u00e9s de partage sur les r\u00e9seaux sociaux. Les canaux que Wondercom utilise peuvent contenir des cookies de ces sites web et Wondercom ne contr\u00f4le pas ceux-ci. Vous devez consulter le site web concern\u00e9 de ces tiers pour obtenir de plus amples informations sur ces cookies.\u00a0<\/li>\r\n<\/ul>\r\n<p>&nbsp;<\/p>\r\n<h3>Liste de cookies que ce Site web utilise\u00a0<\/h3>\r\n<p>\u00a0<br \/>Le tableau ci-dessus comporte une \u00e9num\u00e9ration des cookies utilis\u00e9s par Wondercom le cas \u00e9ch\u00e9ant, ainsi que l&rsquo;information que ceux-ci enregistrent.\u00a0<\/p>\r\n<ul>\r\n<li>st_samesite<\/li>\r\n<li>_ga<\/li>\r\n<li>_gat<\/li>\r\n<li>_gid<\/li>\r\n<li>__sharethis_cookie_test__<\/li>\r\n<\/ul>\r\n<p>&nbsp;<\/p>\r\n<h3>D\u00e9sactiver les cookies<\/h3>\r\n<p><br \/>Il y a un certain nombre d&rsquo;options disponibles pour \u00e9viter le stockage de cookies. Veuillez visiter les sites web des diff\u00e9rents navigateurs pour apprendre comment vous pouvez bloquer le stockage de cookies.\u00a0<\/p>\r\n<p>&nbsp;<\/p>\r\n<p>Comprenez bien que lorsque vous d\u00e9cidez de supprimer tous vos cookies, vous devrez tr\u00e8s probablement r\u00e9encoder tous vos identifiants et mots de passe sur tous les sites web que vous visitez, alors que vous ne deviez m\u00eame pas y penser auparavant. Comme nous l&rsquo;avons d\u00e9j\u00e0 mentionn\u00e9, les cookies peuvent constituer un vrai atout pour votre exp\u00e9rience de navigation sur le web.<\/p>\r\n<p>&nbsp;<\/p>\r\n<p>Si vous souhaitez en savoir plus sur les cookies, veuillez visiter le site web\u00a0<a href=\"http:\/\/www.allaboutcookies.org\/\">www.allaboutcookies.org<\/a>\u00a0. Ce site web fournit davantage d&rsquo;informations sur les cookies, explique en d\u00e9tail comment vous pouvez supprimer les cookies que vous trouvez et vous montre comment vous pouvez autoriser des sites web fiables \u00e0 stocker des cookies sur votre ordinateur.<\/p>\r\n<p>&nbsp;<\/p>\r\n<h3>Donn\u00e9es de contact Wondercom<\/h3>\r\n<p><strong>\u00a0<\/strong>\u00a0<br \/><strong>Wondercom<\/strong><\/p>\r\n<p><strong>rue Georges Hubin 39<\/strong><\/p>\r\n<p><strong>4520 MOHA<\/strong><\/p>\r\n<p>&nbsp;<\/p>\r\n<p>&nbsp;<\/p>\r\n\r\n\r\n\r\n<h3>\u00a0<\/h3>\r\n","protected":false},"excerpt":{"rendered":"<p>\u00a0 G\u00e9n\u00e9ralit\u00e9s\u00a0 Wondercom (ci-apr\u00e8s d\u00e9nomm\u00e9e \u00ab Wondercom \u00bb, \u00ab nous \u00bb) utilise principalement des cookies dans le but d&rsquo;am\u00e9liorer votre exp\u00e9rience de navigation sur\u00a0www.wondercom.be (ci-apr\u00e8s d\u00e9nomm\u00e9 le \u00ab Site web \u00bb). Toutes les donn\u00e9es que Wondercom tire de ses cookies sont anonymes et sont uniquement utilis\u00e9es pour comprendre l&rsquo;exp\u00e9rience des clients sur le Site web,<\/p>\n<a class=\"button more-link\" href=\"https:\/\/www.wondercom.be\/?page_id=3275\">Read More<\/a>","protected":false},"author":2,"featured_media":0,"parent":0,"menu_order":0,"comment_status":"closed","ping_status":"closed","template":"","meta":{"_genesis_hide_title":false,"_genesis_hide_breadcrumbs":false,"_genesis_hide_singular_image":false,"_genesis_hide_footer_widgets":false,"_genesis_custom_body_class":"","_genesis_custom_post_class":"","_genesis_layout":"full-width-content","footnotes":""},"class_list":{"0":"post-3275","1":"page","2":"type-page","3":"status-publish","5":"entry"},"aioseo_notices":[],"_links":{"self":[{"href":"https:\/\/www.wondercom.be\/index.php?rest_route=\/wp\/v2\/pages\/3275","targetHints":{"allow":["GET"]}}],"collection":[{"href":"https:\/\/www.wondercom.be\/index.php?rest_route=\/wp\/v2\/pages"}],"about":[{"href":"https:\/\/www.wondercom.be\/index.php?rest_route=\/wp\/v2\/types\/page"}],"author":[{"embeddable":true,"href":"https:\/\/www.wondercom.be\/index.php?rest_route=\/wp\/v2\/users\/2"}],"replies":[{"embeddable":true,"href":"https:\/\/www.wondercom.be\/index.php?rest_route=%2Fwp%2Fv2%2Fcomments&post=3275"}],"version-history":[{"count":7,"href":"https:\/\/www.wondercom.be\/index.php?rest_route=\/wp\/v2\/pages\/3275\/revisions"}],"predecessor-version":[{"id":3282,"href":"https:\/\/www.wondercom.be\/index.php?rest_route=\/wp\/v2\/pages\/3275\/revisions\/3282"}],"wp:attachment":[{"href":"https:\/\/www.wondercom.be\/index.php?rest_route=%2Fwp%2Fv2%2Fmedia&parent=3275"}],"curies":[{"name":"wp","href":"https:\/\/api.w.org\/{rel}","templated":true}]}}